{"id":961,"date":"2021-11-13T10:00:07","date_gmt":"2021-11-13T10:00:07","guid":{"rendered":"http:\/\/www.viadentalclinic.com\/en\/?page_id=961"},"modified":"2022-08-24T11:05:00","modified_gmt":"2022-08-24T11:05:00","slug":"oral-and-maxillofacial-surgery","status":"publish","type":"page","link":"https:\/\/www.viadentalclinic.com\/en\/treatments\/oral-and-maxillofacial-surgery\/","title":{"rendered":"ORAL AND MAXILLOFACIAL SURGERY"},"content":{"rendered":"\t\t<div data-elementor-type=\"wp-page\" data-elementor-id=\"961\" class=\"elementor elementor-961\" data-elementor-settings=\"[]\">\n\t\t\t\t\t\t\t<div class=\"elementor-section-wrap\">\n\t\t\t\t\t\t\t<section class=\"elementor-section elementor-top-section elementor-element elementor-element-14c1aa2 elementor-section-full_width elementor-section-height-default elementor-section-height-default\" data-id=\"14c1aa2\" data-element_type=\"section\">\n\t\t\t\t\t\t<div class=\"elementor-container elementor-column-gap-no\">\n\t\t\t\t\t<div class=\"elementor-column elementor-col-100 elementor-top-column elementor-element elementor-element-847b733\" data-id=\"847b733\" data-element_type=\"column\">\n\t\t\t<div class=\"elementor-widget-wrap elementor-element-populated\">\n\t\t\t\t\t\t\t\t<section class=\"elementor-section elementor-inner-section elementor-element elementor-element-6bbfcbf elementor-section-boxed elementor-section-height-default elementor-section-height-default\" data-id=\"6bbfcbf\" data-element_type=\"section\">\n\t\t\t\t\t\t<div class=\"elementor-container elementor-column-gap-no\">\n\t\t\t\t\t<div class=\"elementor-column elementor-col-100 elementor-inner-column elementor-element elementor-element-891a88c\" data-id=\"891a88c\" data-element_type=\"column\">\n\t\t\t<div class=\"elementor-widget-wrap elementor-element-populated\">\n\t\t\t\t\t\t\t\t<div class=\"elementor-element elementor-element-cd2cadb elementor-widget elementor-widget-spacer\" data-id=\"cd2cadb\" data-element_type=\"widget\" data-widget_type=\"spacer.default\">\n\t\t\t\t<div class=\"elementor-widget-container\">\n\t\t\t\t\t<div class=\"elementor-spacer\">\n\t\t\t<div class=\"elementor-spacer-inner\"><\/div>\n\t\t<\/div>\n\t\t\t\t<\/div>\n\t\t\t\t<\/div>\n\t\t\t\t<div class=\"elementor-element elementor-element-909b6ce elementor-widget elementor-widget-image\" data-id=\"909b6ce\" data-element_type=\"widget\" data-widget_type=\"image.default\">\n\t\t\t\t<div class=\"elementor-widget-container\">\n\t\t\t\t\t\t\t\t\t\t\t\t\t\t\t<img loading=\"lazy\" decoding=\"async\" width=\"1200\" height=\"850\" src=\"https:\/\/www.viadentalclinic.com\/en\/wp-content\/uploads\/2021\/08\/2c1f5ac8-86de-4a99-b9e5-7679553d0772.jpg\" class=\"attachment-full size-full\" alt=\"A\u011f\u0131z, Di\u015f ve \u00c7ene Cerrahisi\" srcset=\"https:\/\/www.viadentalclinic.com\/en\/wp-content\/uploads\/2021\/08\/2c1f5ac8-86de-4a99-b9e5-7679553d0772.jpg 1200w, https:\/\/www.viadentalclinic.com\/en\/wp-content\/uploads\/2021\/08\/2c1f5ac8-86de-4a99-b9e5-7679553d0772-300x213.jpg 300w, https:\/\/www.viadentalclinic.com\/en\/wp-content\/uploads\/2021\/08\/2c1f5ac8-86de-4a99-b9e5-7679553d0772-1024x725.jpg 1024w, https:\/\/www.viadentalclinic.com\/en\/wp-content\/uploads\/2021\/08\/2c1f5ac8-86de-4a99-b9e5-7679553d0772-768x544.jpg 768w\" sizes=\"auto, (max-width: 34.9rem) calc(100vw - 2rem), (max-width: 53rem) calc(8 * (100vw \/ 12)), (min-width: 53rem) calc(6 * (100vw \/ 12)), 100vw\" \/>\t\t\t\t\t\t\t\t\t\t\t\t\t\t\t<\/div>\n\t\t\t\t<\/div>\n\t\t\t\t<div class=\"elementor-element elementor-element-ba452f4 elementor-widget elementor-widget-text-editor\" data-id=\"ba452f4\" data-element_type=\"widget\" data-widget_type=\"text-editor.default\">\n\t\t\t\t<div class=\"elementor-widget-container\">\n\t\t\t\t\t\t\t<p class=\"has-medium-font-size\">We are treating diseases, injuries and deformities in mouth, teeth and jaws.<\/p><p class=\"has-medium-font-size\">During our treatment period, by determining the diagnosis of diseases in oral cavity, teeth and jaws with an expert team and by using x-ray, clinical examination and biopsy if necessary, surgical operations are performed under sterile conditions.<\/p><p class=\"has-medium-font-size\">Our treatments with in the concept of Oral and Maxillofacial Surgery<\/p><ul><li>Normal and complicated tooth extractions<\/li><li>Treatment of dental abyss<\/li><li>Wisdom tooth extractions<\/li><li>Impacted tooth extractions<\/li><li>Surgical or normal extraction of supernumerary teeth<\/li><li>Apical resection of dental roots<\/li><li>Bone fracture treatment<\/li><li>Diagnosis and treatment of temporomandibular joint<\/li><li>Diagnosis and treatment of oral cysts<\/li><li>Diagnosis and treatment of oral tumors<\/li><li>Diagnosis and treatment of precancerous lesions inside oral cavity<\/li><li>Treatment of oral disease and oral ulcerations<\/li><li>Surgical operations for preperation of dentures<\/li><li>Orthognatic surgery<\/li><li>Treatment of dental derived sinus disease<\/li><li>Implantology operations<\/li><li>Sinus Lifting<\/li><li>Advanced Implantology Operations<\/li><li>Diagnosis and treatment of oral cancers<\/li><\/ul>\t\t\t\t\t\t<\/div>\n\t\t\t\t<\/div>\n\t\t\t\t\t<\/div>\n\t\t<\/div>\n\t\t\t\t\t\t\t<\/div>\n\t\t<\/section>\n\t\t\t\t\t<\/div>\n\t\t<\/div>\n\t\t\t\t\t\t\t<\/div>\n\t\t<\/section>\n\t\t\t\t<section class=\"elementor-section elementor-top-section elementor-element elementor-element-af7296c elementor-section-boxed elementor-section-height-default elementor-section-height-default\" data-id=\"af7296c\" data-element_type=\"section\">\n\t\t\t\t\t\t<div class=\"elementor-container elementor-column-gap-default\">\n\t\t\t\t\t\t\t\t<\/div>\n\t\t<\/section>\n\t\t\t\t<section class=\"elementor-section elementor-top-section elementor-element elementor-element-ebf917e elementor-section-full_width elementor-section-height-min-height elementor-section-height-default elementor-section-items-middle\" data-id=\"ebf917e\" data-element_type=\"section\" data-settings=\"{&quot;background_background&quot;:&quot;classic&quot;}\">\n\t\t\t\t\t\t<div class=\"elementor-container elementor-column-gap-no\">\n\t\t\t\t\t<div class=\"elementor-column elementor-col-100 elementor-top-column elementor-element elementor-element-afcd0de\" data-id=\"afcd0de\" data-element_type=\"column\">\n\t\t\t<div class=\"elementor-widget-wrap elementor-element-populated\">\n\t\t\t\t\t\t\t\t<section class=\"elementor-section elementor-inner-section elementor-element elementor-element-2a4a2cd elementor-section-boxed elementor-section-height-default elementor-section-height-default\" data-id=\"2a4a2cd\" data-element_type=\"section\">\n\t\t\t\t\t\t<div class=\"elementor-container elementor-column-gap-no\">\n\t\t\t\t\t<div class=\"elementor-column elementor-col-50 elementor-inner-column elementor-element elementor-element-fe1826f\" data-id=\"fe1826f\" data-element_type=\"column\">\n\t\t\t<div class=\"elementor-widget-wrap elementor-element-populated\">\n\t\t\t\t\t\t\t\t<div class=\"elementor-element elementor-element-fef97a5 elementor-widget__width-auto elementor-widget-tablet__width-initial elementor-widget-mobile__width-inherit elementor-view-default elementor-widget elementor-widget-icon\" data-id=\"fef97a5\" data-element_type=\"widget\" data-widget_type=\"icon.default\">\n\t\t\t\t<div class=\"elementor-widget-container\">\n\t\t\t\t\t<div class=\"elementor-icon-wrapper\">\n\t\t\t<div class=\"elementor-icon\">\n\t\t\t<i aria-hidden=\"true\" class=\"fas fa-phone-alt\"><\/i>\t\t\t<\/div>\n\t\t<\/div>\n\t\t\t\t<\/div>\n\t\t\t\t<\/div>\n\t\t\t\t<div class=\"elementor-element elementor-element-cbc9d79 elementor-widget__width-auto elementor-widget-tablet__width-initial elementor-widget-mobile__width-inherit elementor-view-default elementor-vertical-align-top elementor-widget elementor-widget-icon-box\" data-id=\"cbc9d79\" data-element_type=\"widget\" data-widget_type=\"icon-box.default\">\n\t\t\t\t<div class=\"elementor-widget-container\">\n\t\t\t\t\t<div class=\"elementor-icon-box-wrapper\">\n\t\t\t\t\t\t<div class=\"elementor-icon-box-content\">\n\t\t\t\t<h6 class=\"elementor-icon-box-title\">\n\t\t\t\t\t<span  >\n\t\t\t\t\t\tUZMANLARIMIZDAN D\u0130NLEY\u0130N\t\t\t\t\t<\/span>\n\t\t\t\t<\/h6>\n\t\t\t\t\t\t\t\t\t<p class=\"elementor-icon-box-description\">\n\t\t\t\t\t\tVIA DENTAL CLINIC uzmanlar\u0131 sorular\u0131n\u0131z\u0131 cevapl\u0131yor.\n\n\t\t\t\t\t<\/p>\n\t\t\t\t\t\t\t<\/div>\n\t\t<\/div>\n\t\t\t\t<\/div>\n\t\t\t\t<\/div>\n\t\t\t\t\t<\/div>\n\t\t<\/div>\n\t\t\t\t<div class=\"elementor-column elementor-col-50 elementor-inner-column elementor-element elementor-element-44db06e\" data-id=\"44db06e\" data-element_type=\"column\">\n\t\t\t<div class=\"elementor-widget-wrap elementor-element-populated\">\n\t\t\t\t\t\t\t\t<div class=\"elementor-element elementor-element-500277b elementor-align-right elementor-mobile-align-center elementor-widget elementor-widget-button\" data-id=\"500277b\" data-element_type=\"widget\" data-widget_type=\"button.default\">\n\t\t\t\t<div class=\"elementor-widget-container\">\n\t\t\t\t\t<div class=\"elementor-button-wrapper\">\n\t\t\t<a href=\"http:\/\/viadentalclinic.com\/iletisim\" class=\"elementor-button-link elementor-button elementor-size-sm\" role=\"button\">\n\t\t\t\t\t\t<span class=\"elementor-button-content-wrapper\">\n\t\t\t\t\t\t<span class=\"elementor-button-text\">\u0130leti\u015fime Ge\u00e7<\/span>\n\t\t<\/span>\n\t\t\t\t\t<\/a>\n\t\t<\/div>\n\t\t\t\t<\/div>\n\t\t\t\t<\/div>\n\t\t\t\t\t<\/div>\n\t\t<\/div>\n\t\t\t\t\t\t\t<\/div>\n\t\t<\/section>\n\t\t\t\t\t<\/div>\n\t\t<\/div>\n\t\t\t\t\t\t\t<\/div>\n\t\t<\/section>\n\t\t\t\t\t\t<\/div>\n\t\t\t\t\t<\/div>\n\t\t","protected":false},"excerpt":{"rendered":"<p>We are treating diseases, injuries and deformities in mouth, teeth and jaws. During our treatment period, by determining the diagnosis of diseases in oral cavity, teeth and jaws with an expert team and by using x-ray, clinical examination and biopsy if necessary, surgical operations are performed under sterile conditions. Our treatments with in the concept &hellip; <\/p>\n<p class=\"link-more\"><a href=\"https:\/\/www.viadentalclinic.com\/en\/treatments\/oral-and-maxillofacial-surgery\/\" class=\"more-link\">Okumaya devam et<span class=\"screen-reader-text\"> &#8220;ORAL AND MAXILLOFACIAL SURGERY&#8221;<\/span><\/a><\/p>\n","protected":false},"author":1,"featured_media":0,"parent":547,"menu_order":0,"comment_status":"closed","ping_status":"closed","template":"elementor_header_footer","meta":{"footnotes":""},"class_list":["post-961","page","type-page","status-publish","hentry","entry"],"_links":{"self":[{"href":"https:\/\/www.viadentalclinic.com\/en\/wp-json\/wp\/v2\/pages\/961","targetHints":{"allow":["GET"]}}],"collection":[{"href":"https:\/\/www.viadentalclinic.com\/en\/wp-json\/wp\/v2\/pages"}],"about":[{"href":"https:\/\/www.viadentalclinic.com\/en\/wp-json\/wp\/v2\/types\/page"}],"author":[{"embeddable":true,"href":"https:\/\/www.viadentalclinic.com\/en\/wp-json\/wp\/v2\/users\/1"}],"replies":[{"embeddable":true,"href":"https:\/\/www.viadentalclinic.com\/en\/wp-json\/wp\/v2\/comments?post=961"}],"version-history":[{"count":32,"href":"https:\/\/www.viadentalclinic.com\/en\/wp-json\/wp\/v2\/pages\/961\/revisions"}],"predecessor-version":[{"id":1902,"href":"https:\/\/www.viadentalclinic.com\/en\/wp-json\/wp\/v2\/pages\/961\/revisions\/1902"}],"up":[{"embeddable":true,"href":"https:\/\/www.viadentalclinic.com\/en\/wp-json\/wp\/v2\/pages\/547"}],"wp:attachment":[{"href":"https:\/\/www.viadentalclinic.com\/en\/wp-json\/wp\/v2\/media?parent=961"}],"curies":[{"name":"wp","href":"https:\/\/api.w.org\/{rel}","templated":true}]}}