{"id":517,"date":"2021-09-23T18:40:14","date_gmt":"2021-09-23T18:40:14","guid":{"rendered":"http:\/\/www.viadentalclinic.com\/en\/?page_id=517"},"modified":"2022-08-24T11:02:36","modified_gmt":"2022-08-24T11:02:36","slug":"orthodontics","status":"publish","type":"page","link":"https:\/\/www.viadentalclinic.com\/en\/treatments\/orthodontics\/","title":{"rendered":"Orthodontics"},"content":{"rendered":"\t\t<div data-elementor-type=\"wp-page\" data-elementor-id=\"517\" class=\"elementor elementor-517\" data-elementor-settings=\"[]\">\n\t\t\t\t\t\t\t<div class=\"elementor-section-wrap\">\n\t\t\t\t\t\t\t<section class=\"elementor-section elementor-top-section elementor-element elementor-element-fd9a500 elementor-section-full_width elementor-section-height-min-height elementor-section-height-default elementor-section-items-middle\" data-id=\"fd9a500\" data-element_type=\"section\" data-settings=\"{&quot;background_background&quot;:&quot;classic&quot;}\">\n\t\t\t\t\t\t\t<div class=\"elementor-background-overlay\"><\/div>\n\t\t\t\t\t\t\t<div class=\"elementor-container elementor-column-gap-no\">\n\t\t\t\t\t<div class=\"elementor-column elementor-col-100 elementor-top-column elementor-element elementor-element-77511a7\" data-id=\"77511a7\" data-element_type=\"column\">\n\t\t\t<div class=\"elementor-widget-wrap elementor-element-populated\">\n\t\t\t\t\t\t\t\t<section class=\"elementor-section elementor-inner-section elementor-element elementor-element-5db7bfa elementor-section-boxed elementor-section-height-default elementor-section-height-default\" data-id=\"5db7bfa\" data-element_type=\"section\">\n\t\t\t\t\t\t<div class=\"elementor-container elementor-column-gap-no\">\n\t\t\t\t\t<div class=\"elementor-column elementor-col-50 elementor-inner-column elementor-element elementor-element-e568a19\" data-id=\"e568a19\" data-element_type=\"column\">\n\t\t\t<div class=\"elementor-widget-wrap elementor-element-populated\">\n\t\t\t\t\t\t\t\t<div class=\"elementor-element elementor-element-b058ee1 elementor-widget elementor-widget-heading\" data-id=\"b058ee1\" data-element_type=\"widget\" data-widget_type=\"heading.default\">\n\t\t\t\t<div class=\"elementor-widget-container\">\n\t\t\t<h4 class=\"elementor-heading-title elementor-size-default\">Orthodontics<\/h4>\t\t<\/div>\n\t\t\t\t<\/div>\n\t\t\t\t\t<\/div>\n\t\t<\/div>\n\t\t\t\t<div class=\"elementor-column elementor-col-50 elementor-inner-column elementor-element elementor-element-c1320b2\" data-id=\"c1320b2\" data-element_type=\"column\">\n\t\t\t<div class=\"elementor-widget-wrap\">\n\t\t\t\t\t\t\t\t\t<\/div>\n\t\t<\/div>\n\t\t\t\t\t\t\t<\/div>\n\t\t<\/section>\n\t\t\t\t\t<\/div>\n\t\t<\/div>\n\t\t\t\t\t\t\t<\/div>\n\t\t<\/section>\n\t\t\t\t<section class=\"elementor-section elementor-top-section elementor-element elementor-element-023092d elementor-section-full_width elementor-section-height-default elementor-section-height-default\" data-id=\"023092d\" data-element_type=\"section\">\n\t\t\t\t\t\t<div class=\"elementor-container elementor-column-gap-no\">\n\t\t\t\t\t<div class=\"elementor-column elementor-col-100 elementor-top-column elementor-element elementor-element-013d515\" data-id=\"013d515\" data-element_type=\"column\">\n\t\t\t<div class=\"elementor-widget-wrap elementor-element-populated\">\n\t\t\t\t\t\t\t\t<section class=\"elementor-section elementor-inner-section elementor-element elementor-element-2b13d25 elementor-section-boxed elementor-section-height-default elementor-section-height-default\" data-id=\"2b13d25\" data-element_type=\"section\">\n\t\t\t\t\t\t<div class=\"elementor-container elementor-column-gap-no\">\n\t\t\t\t\t<div class=\"elementor-column elementor-col-100 elementor-inner-column elementor-element elementor-element-c9b3ddc\" data-id=\"c9b3ddc\" data-element_type=\"column\">\n\t\t\t<div class=\"elementor-widget-wrap elementor-element-populated\">\n\t\t\t\t\t\t\t\t<div class=\"elementor-element elementor-element-2905639 elementor-widget elementor-widget-image\" data-id=\"2905639\" data-element_type=\"widget\" data-widget_type=\"image.default\">\n\t\t\t\t<div class=\"elementor-widget-container\">\n\t\t\t\t\t\t\t\t\t\t\t\t\t\t\t<img loading=\"lazy\" decoding=\"async\" width=\"1200\" height=\"850\" src=\"https:\/\/www.viadentalclinic.com\/en\/wp-content\/uploads\/2021\/08\/c8.jpg\" class=\"attachment-full size-full\" alt=\"Ortodonti\" srcset=\"https:\/\/www.viadentalclinic.com\/en\/wp-content\/uploads\/2021\/08\/c8.jpg 1200w, https:\/\/www.viadentalclinic.com\/en\/wp-content\/uploads\/2021\/08\/c8-300x213.jpg 300w, https:\/\/www.viadentalclinic.com\/en\/wp-content\/uploads\/2021\/08\/c8-1024x725.jpg 1024w, https:\/\/www.viadentalclinic.com\/en\/wp-content\/uploads\/2021\/08\/c8-768x544.jpg 768w\" sizes=\"auto, (max-width: 34.9rem) calc(100vw - 2rem), (max-width: 53rem) calc(8 * (100vw \/ 12)), (min-width: 53rem) calc(6 * (100vw \/ 12)), 100vw\" \/>\t\t\t\t\t\t\t\t\t\t\t\t\t\t\t<\/div>\n\t\t\t\t<\/div>\n\t\t\t\t<div class=\"elementor-element elementor-element-ae25749 elementor-widget elementor-widget-text-editor\" data-id=\"ae25749\" data-element_type=\"widget\" data-widget_type=\"text-editor.default\">\n\t\t\t\t<div class=\"elementor-widget-container\">\n\t\t\t\t\t\t\t<p class=\"has-medium-font-size\">Tooth crowding could be observed due to early loss of decidious teeth, early extraction of untreatable teeth, incorrect functioning, bad habits, genetical reasons. By treating disorders of teeth and maxillofacial area a good aesthetic result and function can be obtained. When there is only dental problems and when the jaw relations are compatible, orthodontic treatment can be performed for all age groups. When there is no compatibility between the jaws because of positioning protrusion or retrusion of jaws various treatment options can be performed before the age of 12. Skeletal disorders can be treated by using orthognatic surgical operations for adults.\n<\/p>\n<p class=\"has-medium-font-size\">Recently, orthodontic treatment is possible for every age groups. However, in case of disorders related with jaws, examination and if needed treatment should be started immediately for children.   Orthodontic treatment of patients at every age group can be performed by our expert doctors with different treatment options.\n\n\n<\/p>\t\t\t\t\t\t<\/div>\n\t\t\t\t<\/div>\n\t\t\t\t\t<\/div>\n\t\t<\/div>\n\t\t\t\t\t\t\t<\/div>\n\t\t<\/section>\n\t\t\t\t\t<\/div>\n\t\t<\/div>\n\t\t\t\t\t\t\t<\/div>\n\t\t<\/section>\n\t\t\t\t<section class=\"elementor-section elementor-top-section elementor-element elementor-element-3722939 elementor-section-full_width elementor-section-height-min-height elementor-section-height-default elementor-section-items-middle\" data-id=\"3722939\" data-element_type=\"section\" data-settings=\"{&quot;background_background&quot;:&quot;classic&quot;}\">\n\t\t\t\t\t\t<div class=\"elementor-container elementor-column-gap-no\">\n\t\t\t\t\t<div class=\"elementor-column elementor-col-100 elementor-top-column elementor-element elementor-element-7ba2fa3\" data-id=\"7ba2fa3\" data-element_type=\"column\">\n\t\t\t<div class=\"elementor-widget-wrap elementor-element-populated\">\n\t\t\t\t\t\t\t\t<section class=\"elementor-section elementor-inner-section elementor-element elementor-element-b21e6ff elementor-section-boxed elementor-section-height-default elementor-section-height-default\" data-id=\"b21e6ff\" data-element_type=\"section\">\n\t\t\t\t\t\t<div class=\"elementor-container elementor-column-gap-no\">\n\t\t\t\t\t<div class=\"elementor-column elementor-col-50 elementor-inner-column elementor-element elementor-element-bde5fae\" data-id=\"bde5fae\" data-element_type=\"column\">\n\t\t\t<div class=\"elementor-widget-wrap elementor-element-populated\">\n\t\t\t\t\t\t\t\t<div class=\"elementor-element elementor-element-ce8b778 elementor-widget__width-auto elementor-widget-tablet__width-initial elementor-widget-mobile__width-inherit elementor-view-default elementor-widget elementor-widget-icon\" data-id=\"ce8b778\" data-element_type=\"widget\" data-widget_type=\"icon.default\">\n\t\t\t\t<div class=\"elementor-widget-container\">\n\t\t\t\t\t<div class=\"elementor-icon-wrapper\">\n\t\t\t<div class=\"elementor-icon\">\n\t\t\t<i aria-hidden=\"true\" class=\"fas fa-phone-alt\"><\/i>\t\t\t<\/div>\n\t\t<\/div>\n\t\t\t\t<\/div>\n\t\t\t\t<\/div>\n\t\t\t\t<div class=\"elementor-element elementor-element-e447cf2 elementor-widget__width-auto elementor-widget-tablet__width-initial elementor-widget-mobile__width-inherit elementor-view-default elementor-vertical-align-top elementor-widget elementor-widget-icon-box\" data-id=\"e447cf2\" data-element_type=\"widget\" data-widget_type=\"icon-box.default\">\n\t\t\t\t<div class=\"elementor-widget-container\">\n\t\t\t\t\t<div class=\"elementor-icon-box-wrapper\">\n\t\t\t\t\t\t<div class=\"elementor-icon-box-content\">\n\t\t\t\t<h6 class=\"elementor-icon-box-title\">\n\t\t\t\t\t<span  >\n\t\t\t\t\t\tUZMANLARIMIZDAN D\u0130NLEY\u0130N\t\t\t\t\t<\/span>\n\t\t\t\t<\/h6>\n\t\t\t\t\t\t\t\t\t<p class=\"elementor-icon-box-description\">\n\t\t\t\t\t\tVIA DENTAL CLINIC uzmanlar\u0131 sorular\u0131n\u0131z\u0131 cevapl\u0131yor.\n\n\t\t\t\t\t<\/p>\n\t\t\t\t\t\t\t<\/div>\n\t\t<\/div>\n\t\t\t\t<\/div>\n\t\t\t\t<\/div>\n\t\t\t\t\t<\/div>\n\t\t<\/div>\n\t\t\t\t<div class=\"elementor-column elementor-col-50 elementor-inner-column elementor-element elementor-element-1dc6766\" data-id=\"1dc6766\" data-element_type=\"column\">\n\t\t\t<div class=\"elementor-widget-wrap elementor-element-populated\">\n\t\t\t\t\t\t\t\t<div class=\"elementor-element elementor-element-88854ae elementor-align-right elementor-mobile-align-center elementor-widget elementor-widget-button\" data-id=\"88854ae\" data-element_type=\"widget\" data-widget_type=\"button.default\">\n\t\t\t\t<div class=\"elementor-widget-container\">\n\t\t\t\t\t<div class=\"elementor-button-wrapper\">\n\t\t\t<a href=\"http:\/\/viadentalclinic.com\/iletisim\" class=\"elementor-button-link elementor-button elementor-size-sm\" role=\"button\">\n\t\t\t\t\t\t<span class=\"elementor-button-content-wrapper\">\n\t\t\t\t\t\t<span class=\"elementor-button-text\">\u0130leti\u015fime Ge\u00e7<\/span>\n\t\t<\/span>\n\t\t\t\t\t<\/a>\n\t\t<\/div>\n\t\t\t\t<\/div>\n\t\t\t\t<\/div>\n\t\t\t\t\t<\/div>\n\t\t<\/div>\n\t\t\t\t\t\t\t<\/div>\n\t\t<\/section>\n\t\t\t\t\t<\/div>\n\t\t<\/div>\n\t\t\t\t\t\t\t<\/div>\n\t\t<\/section>\n\t\t\t\t\t\t<\/div>\n\t\t\t\t\t<\/div>\n\t\t","protected":false},"excerpt":{"rendered":"<p>Orthodontics Tooth crowding could be observed due to early loss of decidious teeth, early extraction of untreatable teeth, incorrect functioning, bad habits, genetical reasons. By treating disorders of teeth and maxillofacial area a good aesthetic result and function can be obtained. When there is only dental problems and when the jaw relations are compatible, orthodontic &hellip; <\/p>\n<p class=\"link-more\"><a href=\"https:\/\/www.viadentalclinic.com\/en\/treatments\/orthodontics\/\" class=\"more-link\">Okumaya devam et<span class=\"screen-reader-text\"> &#8220;Orthodontics&#8221;<\/span><\/a><\/p>\n","protected":false},"author":1,"featured_media":0,"parent":547,"menu_order":0,"comment_status":"closed","ping_status":"closed","template":"elementor_header_footer","meta":{"footnotes":""},"class_list":["post-517","page","type-page","status-publish","hentry","entry"],"_links":{"self":[{"href":"https:\/\/www.viadentalclinic.com\/en\/wp-json\/wp\/v2\/pages\/517","targetHints":{"allow":["GET"]}}],"collection":[{"href":"https:\/\/www.viadentalclinic.com\/en\/wp-json\/wp\/v2\/pages"}],"about":[{"href":"https:\/\/www.viadentalclinic.com\/en\/wp-json\/wp\/v2\/types\/page"}],"author":[{"embeddable":true,"href":"https:\/\/www.viadentalclinic.com\/en\/wp-json\/wp\/v2\/users\/1"}],"replies":[{"embeddable":true,"href":"https:\/\/www.viadentalclinic.com\/en\/wp-json\/wp\/v2\/comments?post=517"}],"version-history":[{"count":11,"href":"https:\/\/www.viadentalclinic.com\/en\/wp-json\/wp\/v2\/pages\/517\/revisions"}],"predecessor-version":[{"id":1892,"href":"https:\/\/www.viadentalclinic.com\/en\/wp-json\/wp\/v2\/pages\/517\/revisions\/1892"}],"up":[{"embeddable":true,"href":"https:\/\/www.viadentalclinic.com\/en\/wp-json\/wp\/v2\/pages\/547"}],"wp:attachment":[{"href":"https:\/\/www.viadentalclinic.com\/en\/wp-json\/wp\/v2\/media?parent=517"}],"curies":[{"name":"wp","href":"https:\/\/api.w.org\/{rel}","templated":true}]}}