{"id":501,"date":"2021-09-23T18:36:11","date_gmt":"2021-09-23T18:36:11","guid":{"rendered":"http:\/\/www.viadentalclinic.com\/en\/?page_id=501"},"modified":"2022-08-24T11:47:21","modified_gmt":"2022-08-24T11:47:21","slug":"tooth-bleaching","status":"publish","type":"page","link":"https:\/\/www.viadentalclinic.com\/en\/treatments\/tooth-bleaching\/","title":{"rendered":"Tooth Bleaching"},"content":{"rendered":"\t\t<div data-elementor-type=\"wp-page\" data-elementor-id=\"501\" class=\"elementor elementor-501\" data-elementor-settings=\"[]\">\n\t\t\t\t\t\t\t<div class=\"elementor-section-wrap\">\n\t\t\t\t\t\t\t<section class=\"elementor-section elementor-top-section elementor-element elementor-element-08b74e9 elementor-section-full_width elementor-section-height-min-height elementor-section-height-default elementor-section-items-middle\" data-id=\"08b74e9\" data-element_type=\"section\" data-settings=\"{&quot;background_background&quot;:&quot;classic&quot;}\">\n\t\t\t\t\t\t\t<div class=\"elementor-background-overlay\"><\/div>\n\t\t\t\t\t\t\t<div class=\"elementor-container elementor-column-gap-no\">\n\t\t\t\t\t<div class=\"elementor-column elementor-col-100 elementor-top-column elementor-element elementor-element-74bfe53\" data-id=\"74bfe53\" data-element_type=\"column\">\n\t\t\t<div class=\"elementor-widget-wrap elementor-element-populated\">\n\t\t\t\t\t\t\t\t<section class=\"elementor-section elementor-inner-section elementor-element elementor-element-d7fad35 elementor-section-boxed elementor-section-height-default elementor-section-height-default\" data-id=\"d7fad35\" data-element_type=\"section\">\n\t\t\t\t\t\t<div class=\"elementor-container elementor-column-gap-no\">\n\t\t\t\t\t<div class=\"elementor-column elementor-col-50 elementor-inner-column elementor-element elementor-element-9ef2167\" data-id=\"9ef2167\" data-element_type=\"column\">\n\t\t\t<div class=\"elementor-widget-wrap elementor-element-populated\">\n\t\t\t\t\t\t\t\t<div class=\"elementor-element elementor-element-b3b737f elementor-widget elementor-widget-heading\" data-id=\"b3b737f\" data-element_type=\"widget\" data-widget_type=\"heading.default\">\n\t\t\t\t<div class=\"elementor-widget-container\">\n\t\t\t<h4 class=\"elementor-heading-title elementor-size-default\">Tooth Bleaching<\/h4>\t\t<\/div>\n\t\t\t\t<\/div>\n\t\t\t\t\t<\/div>\n\t\t<\/div>\n\t\t\t\t<div class=\"elementor-column elementor-col-50 elementor-inner-column elementor-element elementor-element-275a761\" data-id=\"275a761\" data-element_type=\"column\">\n\t\t\t<div class=\"elementor-widget-wrap\">\n\t\t\t\t\t\t\t\t\t<\/div>\n\t\t<\/div>\n\t\t\t\t\t\t\t<\/div>\n\t\t<\/section>\n\t\t\t\t\t<\/div>\n\t\t<\/div>\n\t\t\t\t\t\t\t<\/div>\n\t\t<\/section>\n\t\t\t\t<section class=\"elementor-section elementor-top-section elementor-element elementor-element-df03067 elementor-section-full_width elementor-section-height-default elementor-section-height-default\" data-id=\"df03067\" data-element_type=\"section\">\n\t\t\t\t\t\t<div class=\"elementor-container elementor-column-gap-no\">\n\t\t\t\t\t<div class=\"elementor-column elementor-col-100 elementor-top-column elementor-element elementor-element-a34fb1b\" data-id=\"a34fb1b\" data-element_type=\"column\">\n\t\t\t<div class=\"elementor-widget-wrap elementor-element-populated\">\n\t\t\t\t\t\t\t\t<section class=\"elementor-section elementor-inner-section elementor-element elementor-element-bda3098 elementor-section-boxed elementor-section-height-default elementor-section-height-default\" data-id=\"bda3098\" data-element_type=\"section\">\n\t\t\t\t\t\t<div class=\"elementor-container elementor-column-gap-no\">\n\t\t\t\t\t<div class=\"elementor-column elementor-col-100 elementor-inner-column elementor-element elementor-element-c98edfa\" data-id=\"c98edfa\" data-element_type=\"column\">\n\t\t\t<div class=\"elementor-widget-wrap elementor-element-populated\">\n\t\t\t\t\t\t\t\t<div class=\"elementor-element elementor-element-fe625d1 elementor-widget elementor-widget-image\" data-id=\"fe625d1\" data-element_type=\"widget\" data-widget_type=\"image.default\">\n\t\t\t\t<div class=\"elementor-widget-container\">\n\t\t\t\t\t\t\t\t\t\t\t\t\t\t\t<img loading=\"lazy\" decoding=\"async\" width=\"1200\" height=\"850\" src=\"https:\/\/www.viadentalclinic.com\/en\/wp-content\/uploads\/2021\/08\/c6.jpg\" class=\"attachment-full size-full\" alt=\"Di\u015f Beyazlatma\" srcset=\"https:\/\/www.viadentalclinic.com\/en\/wp-content\/uploads\/2021\/08\/c6.jpg 1200w, https:\/\/www.viadentalclinic.com\/en\/wp-content\/uploads\/2021\/08\/c6-300x213.jpg 300w, https:\/\/www.viadentalclinic.com\/en\/wp-content\/uploads\/2021\/08\/c6-1024x725.jpg 1024w, https:\/\/www.viadentalclinic.com\/en\/wp-content\/uploads\/2021\/08\/c6-768x544.jpg 768w\" sizes=\"auto, (max-width: 34.9rem) calc(100vw - 2rem), (max-width: 53rem) calc(8 * (100vw \/ 12)), (min-width: 53rem) calc(6 * (100vw \/ 12)), 100vw\" \/>\t\t\t\t\t\t\t\t\t\t\t\t\t\t\t<\/div>\n\t\t\t\t<\/div>\n\t\t\t\t<div class=\"elementor-element elementor-element-c2c157e elementor-widget elementor-widget-text-editor\" data-id=\"c2c157e\" data-element_type=\"widget\" data-widget_type=\"text-editor.default\">\n\t\t\t\t<div class=\"elementor-widget-container\">\n\t\t\t\t\t\t\t<p class=\"has-medium-font-size\">Tooth colorations can occur due to various reasons in a time period. 2-3 tones permanent whitening can be achieved by using dental bleaching methods for darkened and discolored teeth. During treatment, home bleaching or office bleaching methods can be chosen according to the persons expectations. This procedure can be repeated for obtaining the desired whiteness.\n<\/p>\n\t\t\t\t\t\t<\/div>\n\t\t\t\t<\/div>\n\t\t\t\t\t<\/div>\n\t\t<\/div>\n\t\t\t\t\t\t\t<\/div>\n\t\t<\/section>\n\t\t\t\t\t<\/div>\n\t\t<\/div>\n\t\t\t\t\t\t\t<\/div>\n\t\t<\/section>\n\t\t\t\t<section class=\"elementor-section elementor-top-section elementor-element elementor-element-5e63e75 elementor-section-full_width elementor-section-height-min-height elementor-section-height-default elementor-section-items-middle\" data-id=\"5e63e75\" data-element_type=\"section\" data-settings=\"{&quot;background_background&quot;:&quot;classic&quot;}\">\n\t\t\t\t\t\t<div class=\"elementor-container elementor-column-gap-no\">\n\t\t\t\t\t<div class=\"elementor-column elementor-col-100 elementor-top-column elementor-element elementor-element-38f9c6a\" data-id=\"38f9c6a\" data-element_type=\"column\">\n\t\t\t<div class=\"elementor-widget-wrap elementor-element-populated\">\n\t\t\t\t\t\t\t\t<section class=\"elementor-section elementor-inner-section elementor-element elementor-element-39bb58b elementor-section-boxed elementor-section-height-default elementor-section-height-default\" data-id=\"39bb58b\" data-element_type=\"section\">\n\t\t\t\t\t\t<div class=\"elementor-container elementor-column-gap-no\">\n\t\t\t\t\t<div class=\"elementor-column elementor-col-50 elementor-inner-column elementor-element elementor-element-3f4aa07\" data-id=\"3f4aa07\" data-element_type=\"column\">\n\t\t\t<div class=\"elementor-widget-wrap elementor-element-populated\">\n\t\t\t\t\t\t\t\t<div class=\"elementor-element elementor-element-10db362 elementor-widget__width-auto elementor-widget-tablet__width-initial elementor-widget-mobile__width-inherit elementor-view-default elementor-widget elementor-widget-icon\" data-id=\"10db362\" data-element_type=\"widget\" data-widget_type=\"icon.default\">\n\t\t\t\t<div class=\"elementor-widget-container\">\n\t\t\t\t\t<div class=\"elementor-icon-wrapper\">\n\t\t\t<div class=\"elementor-icon\">\n\t\t\t<i aria-hidden=\"true\" class=\"fas fa-phone-alt\"><\/i>\t\t\t<\/div>\n\t\t<\/div>\n\t\t\t\t<\/div>\n\t\t\t\t<\/div>\n\t\t\t\t<div class=\"elementor-element elementor-element-b981f32 elementor-widget__width-auto elementor-widget-tablet__width-initial elementor-widget-mobile__width-inherit elementor-view-default elementor-vertical-align-top elementor-widget elementor-widget-icon-box\" data-id=\"b981f32\" data-element_type=\"widget\" data-widget_type=\"icon-box.default\">\n\t\t\t\t<div class=\"elementor-widget-container\">\n\t\t\t\t\t<div class=\"elementor-icon-box-wrapper\">\n\t\t\t\t\t\t<div class=\"elementor-icon-box-content\">\n\t\t\t\t<h6 class=\"elementor-icon-box-title\">\n\t\t\t\t\t<span  >\n\t\t\t\t\t\tUZMANLARIMIZDAN D\u0130NLEY\u0130N\t\t\t\t\t<\/span>\n\t\t\t\t<\/h6>\n\t\t\t\t\t\t\t\t\t<p class=\"elementor-icon-box-description\">\n\t\t\t\t\t\tVIA DENTAL CLINIC uzmanlar\u0131 sorular\u0131n\u0131z\u0131 cevapl\u0131yor.\n\n\t\t\t\t\t<\/p>\n\t\t\t\t\t\t\t<\/div>\n\t\t<\/div>\n\t\t\t\t<\/div>\n\t\t\t\t<\/div>\n\t\t\t\t\t<\/div>\n\t\t<\/div>\n\t\t\t\t<div class=\"elementor-column elementor-col-50 elementor-inner-column elementor-element elementor-element-a553b01\" data-id=\"a553b01\" data-element_type=\"column\">\n\t\t\t<div class=\"elementor-widget-wrap elementor-element-populated\">\n\t\t\t\t\t\t\t\t<div class=\"elementor-element elementor-element-ba83754 elementor-align-right elementor-mobile-align-center elementor-widget elementor-widget-button\" data-id=\"ba83754\" data-element_type=\"widget\" data-widget_type=\"button.default\">\n\t\t\t\t<div class=\"elementor-widget-container\">\n\t\t\t\t\t<div class=\"elementor-button-wrapper\">\n\t\t\t<a href=\"http:\/\/viadentalclinic.com\/iletisim\" class=\"elementor-button-link elementor-button elementor-size-sm\" role=\"button\">\n\t\t\t\t\t\t<span class=\"elementor-button-content-wrapper\">\n\t\t\t\t\t\t<span class=\"elementor-button-text\">\u0130leti\u015fime Ge\u00e7<\/span>\n\t\t<\/span>\n\t\t\t\t\t<\/a>\n\t\t<\/div>\n\t\t\t\t<\/div>\n\t\t\t\t<\/div>\n\t\t\t\t\t<\/div>\n\t\t<\/div>\n\t\t\t\t\t\t\t<\/div>\n\t\t<\/section>\n\t\t\t\t\t<\/div>\n\t\t<\/div>\n\t\t\t\t\t\t\t<\/div>\n\t\t<\/section>\n\t\t\t\t\t\t<\/div>\n\t\t\t\t\t<\/div>\n\t\t","protected":false},"excerpt":{"rendered":"<p>Tooth Bleaching Tooth colorations can occur due to various reasons in a time period. 2-3 tones permanent whitening can be achieved by using dental bleaching methods for darkened and discolored teeth. During treatment, home bleaching or office bleaching methods can be chosen according to the persons expectations. This procedure can be repeated for obtaining the &hellip; <\/p>\n<p class=\"link-more\"><a href=\"https:\/\/www.viadentalclinic.com\/en\/treatments\/tooth-bleaching\/\" class=\"more-link\">Okumaya devam et<span class=\"screen-reader-text\"> &#8220;Tooth Bleaching&#8221;<\/span><\/a><\/p>\n","protected":false},"author":1,"featured_media":0,"parent":547,"menu_order":0,"comment_status":"closed","ping_status":"closed","template":"elementor_header_footer","meta":{"footnotes":""},"class_list":["post-501","page","type-page","status-publish","hentry","entry"],"_links":{"self":[{"href":"https:\/\/www.viadentalclinic.com\/en\/wp-json\/wp\/v2\/pages\/501","targetHints":{"allow":["GET"]}}],"collection":[{"href":"https:\/\/www.viadentalclinic.com\/en\/wp-json\/wp\/v2\/pages"}],"about":[{"href":"https:\/\/www.viadentalclinic.com\/en\/wp-json\/wp\/v2\/types\/page"}],"author":[{"embeddable":true,"href":"https:\/\/www.viadentalclinic.com\/en\/wp-json\/wp\/v2\/users\/1"}],"replies":[{"embeddable":true,"href":"https:\/\/www.viadentalclinic.com\/en\/wp-json\/wp\/v2\/comments?post=501"}],"version-history":[{"count":20,"href":"https:\/\/www.viadentalclinic.com\/en\/wp-json\/wp\/v2\/pages\/501\/revisions"}],"predecessor-version":[{"id":1941,"href":"https:\/\/www.viadentalclinic.com\/en\/wp-json\/wp\/v2\/pages\/501\/revisions\/1941"}],"up":[{"embeddable":true,"href":"https:\/\/www.viadentalclinic.com\/en\/wp-json\/wp\/v2\/pages\/547"}],"wp:attachment":[{"href":"https:\/\/www.viadentalclinic.com\/en\/wp-json\/wp\/v2\/media?parent=501"}],"curies":[{"name":"wp","href":"https:\/\/api.w.org\/{rel}","templated":true}]}}