{"id":342,"date":"2021-09-14T19:00:02","date_gmt":"2021-09-14T19:00:02","guid":{"rendered":"http:\/\/www.viadentalclinic.com\/en\/?page_id=342"},"modified":"2022-12-07T12:11:15","modified_gmt":"2022-12-07T12:11:15","slug":"ozlem-filiz-bayar","status":"publish","type":"page","link":"https:\/\/www.viadentalclinic.com\/en\/dentists\/ozlem-filiz-bayar\/","title":{"rendered":"Dr. Dt. \u00d6zlem F\u0130L\u0130Z BAYAR"},"content":{"rendered":"\t\t<div data-elementor-type=\"wp-page\" data-elementor-id=\"342\" class=\"elementor elementor-342\" data-elementor-settings=\"[]\">\n\t\t\t\t\t\t\t<div class=\"elementor-section-wrap\">\n\t\t\t\t\t\t\t<section class=\"elementor-section elementor-top-section elementor-element elementor-element-53ff1fbd elementor-section-full_width elementor-section-height-min-height elementor-section-height-default elementor-section-items-middle\" data-id=\"53ff1fbd\" data-element_type=\"section\" data-settings=\"{&quot;background_background&quot;:&quot;classic&quot;}\">\n\t\t\t\t\t\t<div class=\"elementor-container elementor-column-gap-no\">\n\t\t\t\t\t<div class=\"elementor-column elementor-col-100 elementor-top-column elementor-element elementor-element-6cf0f3e\" data-id=\"6cf0f3e\" data-element_type=\"column\">\n\t\t\t<div class=\"elementor-widget-wrap elementor-element-populated\">\n\t\t\t\t\t\t\t\t<section class=\"elementor-section elementor-inner-section elementor-element elementor-element-28acafe2 elementor-section-boxed elementor-section-height-default elementor-section-height-default\" data-id=\"28acafe2\" data-element_type=\"section\">\n\t\t\t\t\t\t<div class=\"elementor-container elementor-column-gap-no\">\n\t\t\t\t\t<div class=\"elementor-column elementor-col-50 elementor-inner-column elementor-element elementor-element-217feae0\" data-id=\"217feae0\" data-element_type=\"column\">\n\t\t\t<div class=\"elementor-widget-wrap elementor-element-populated\">\n\t\t\t\t\t\t\t\t<div class=\"elementor-element elementor-element-101768a elementor-widget elementor-widget-image\" data-id=\"101768a\" data-element_type=\"widget\" data-widget_type=\"image.default\">\n\t\t\t\t<div class=\"elementor-widget-container\">\n\t\t\t\t\t\t\t\t\t\t\t\t\t\t\t<img loading=\"lazy\" decoding=\"async\" width=\"480\" height=\"480\" src=\"https:\/\/www.viadentalclinic.com\/en\/wp-content\/uploads\/2021\/08\/96f5a913-484c-4605-945f-004a63568602.jpg\" class=\"attachment-large size-large\" alt=\"\" srcset=\"https:\/\/www.viadentalclinic.com\/en\/wp-content\/uploads\/2021\/08\/96f5a913-484c-4605-945f-004a63568602.jpg 480w, https:\/\/www.viadentalclinic.com\/en\/wp-content\/uploads\/2021\/08\/96f5a913-484c-4605-945f-004a63568602-300x300.jpg 300w, https:\/\/www.viadentalclinic.com\/en\/wp-content\/uploads\/2021\/08\/96f5a913-484c-4605-945f-004a63568602-150x150.jpg 150w\" sizes=\"auto, (max-width: 34.9rem) calc(100vw - 2rem), (max-width: 53rem) calc(8 * (100vw \/ 12)), (min-width: 53rem) calc(6 * (100vw \/ 12)), 100vw\" \/>\t\t\t\t\t\t\t\t\t\t\t\t\t\t\t<\/div>\n\t\t\t\t<\/div>\n\t\t\t\t\t<\/div>\n\t\t<\/div>\n\t\t\t\t<div class=\"elementor-column elementor-col-50 elementor-inner-column elementor-element elementor-element-2f61f0d3\" data-id=\"2f61f0d3\" data-element_type=\"column\">\n\t\t\t<div class=\"elementor-widget-wrap elementor-element-populated\">\n\t\t\t\t\t\t\t\t<div class=\"elementor-element elementor-element-2a84bc69 elementor-widget elementor-widget-heading\" data-id=\"2a84bc69\" data-element_type=\"widget\" data-widget_type=\"heading.default\">\n\t\t\t\t<div class=\"elementor-widget-container\">\n\t\t\t<h4 class=\"elementor-heading-title elementor-size-default\">Dr. Dt. Ozlem FILIZ BAYAR<\/h4>\t\t<\/div>\n\t\t\t\t<\/div>\n\t\t\t\t<div class=\"elementor-element elementor-element-29084be3 elementor-widget elementor-widget-text-editor\" data-id=\"29084be3\" data-element_type=\"widget\" data-widget_type=\"text-editor.default\">\n\t\t\t\t<div class=\"elementor-widget-container\">\n\t\t\t\t\t\t\t<header class=\"cmsmasters_profile_header entry-header\"><article id=\"post-3086\" class=\"cmsmasters_profile_horizontal one_half post-3086 profile type-profile status-publish has-post-thumbnail hentry pl-categs-ekip\"><div class=\"profile_outer\"><div class=\"profile_inner\"><header class=\"cmsmasters_profile_header entry-header\"><h5 class=\"cmsmasters_profile_subtitle\">Oral and maxilofacial surgery<\/h5><\/header><\/div><\/div><\/article><\/header>\t\t\t\t\t\t<\/div>\n\t\t\t\t<\/div>\n\t\t\t\t<div class=\"elementor-element elementor-element-59b58f87 elementor-widget elementor-widget-text-editor\" data-id=\"59b58f87\" data-element_type=\"widget\" data-widget_type=\"text-editor.default\">\n\t\t\t\t<div class=\"elementor-widget-container\">\n\t\t\t\t\t\t\t<p>She was born in 1987 in Istanbul. She graduated from Pertevniyal Anatolian High School in 2005. She graduated from Istanbul University Faculty of Dentistry in 2010. She gained professional experience by working as a dentist for 1 year and decided to specialize. In 2011, She started her doctorate in Istanbul University Faculty of Dentistry, Department of Oral, Dental and Maxillofacial Surgery. During her doctorate education, many scientific articles in English and Turkish were published in international and national refereed scientific journals, and she participated in many scientific congresses. During her specialization education, she gained experience by working in the fields of Oral, Dental and Maxillofacial Surgery and Implantology in the faculty and in the specialized oral and dental health polyclinics. She finished her doctorate in 2015. After completing her specialization, she worked as an Oral and Maxillofacial Surgery and Implantology Specialist at Dentapolitan Oral and Dental Health Polyclinic. She is married and has a child.<\/p>\t\t\t\t\t\t<\/div>\n\t\t\t\t<\/div>\n\t\t\t\t\t<\/div>\n\t\t<\/div>\n\t\t\t\t\t\t\t<\/div>\n\t\t<\/section>\n\t\t\t\t\t<\/div>\n\t\t<\/div>\n\t\t\t\t\t\t\t<\/div>\n\t\t<\/section>\n\t\t\t\t\t\t<\/div>\n\t\t\t\t\t<\/div>\n\t\t","protected":false},"excerpt":{"rendered":"<p>Dr. Dt. Ozlem FILIZ BAYAR Oral and maxilofacial surgery She was born in 1987 in Istanbul. She graduated from Pertevniyal Anatolian High School in 2005. She graduated from Istanbul University Faculty of Dentistry in 2010. She gained professional experience by working as a dentist for 1 year and decided to specialize. In 2011, She started &hellip; <\/p>\n<p class=\"link-more\"><a href=\"https:\/\/www.viadentalclinic.com\/en\/dentists\/ozlem-filiz-bayar\/\" class=\"more-link\">Okumaya devam et<span class=\"screen-reader-text\"> &#8220;Dr. Dt. \u00d6zlem F\u0130L\u0130Z BAYAR&#8221;<\/span><\/a><\/p>\n","protected":false},"author":1,"featured_media":0,"parent":549,"menu_order":0,"comment_status":"closed","ping_status":"closed","template":"elementor_header_footer","meta":{"footnotes":""},"class_list":["post-342","page","type-page","status-publish","hentry","entry"],"_links":{"self":[{"href":"https:\/\/www.viadentalclinic.com\/en\/wp-json\/wp\/v2\/pages\/342","targetHints":{"allow":["GET"]}}],"collection":[{"href":"https:\/\/www.viadentalclinic.com\/en\/wp-json\/wp\/v2\/pages"}],"about":[{"href":"https:\/\/www.viadentalclinic.com\/en\/wp-json\/wp\/v2\/types\/page"}],"author":[{"embeddable":true,"href":"https:\/\/www.viadentalclinic.com\/en\/wp-json\/wp\/v2\/users\/1"}],"replies":[{"embeddable":true,"href":"https:\/\/www.viadentalclinic.com\/en\/wp-json\/wp\/v2\/comments?post=342"}],"version-history":[{"count":43,"href":"https:\/\/www.viadentalclinic.com\/en\/wp-json\/wp\/v2\/pages\/342\/revisions"}],"predecessor-version":[{"id":2011,"href":"https:\/\/www.viadentalclinic.com\/en\/wp-json\/wp\/v2\/pages\/342\/revisions\/2011"}],"up":[{"embeddable":true,"href":"https:\/\/www.viadentalclinic.com\/en\/wp-json\/wp\/v2\/pages\/549"}],"wp:attachment":[{"href":"https:\/\/www.viadentalclinic.com\/en\/wp-json\/wp\/v2\/media?parent=342"}],"curies":[{"name":"wp","href":"https:\/\/api.w.org\/{rel}","templated":true}]}}